{"id":45,"date":"2018-12-13T17:07:58","date_gmt":"2018-12-13T17:07:58","guid":{"rendered":"http:\/\/ghita.ddns.net\/?page_id=45"},"modified":"2019-11-23T12:26:22","modified_gmt":"2019-11-23T11:26:22","slug":"consiliere-si-plasare-pe-piata-muncii","status":"publish","type":"page","link":"https:\/\/www.consilierekassel.ro\/?page_id=45","title":{"rendered":"Consiliere \u0219i plasare pe pia\u021ba muncii:"},"content":{"rendered":"\n<p><a href=\"https:\/\/consilierekassel.wixsite.com\/website-8\/joburi\">\u200b<\/a><\/p>\n\n\n\n<ul><li>consiliere \u0219i orientare \u00een\u00a0cariera\u00a0profesional\u0103,<\/li><li>\u00eendrumare \u0219i suport administrativ \u00een privin\u021ba perfec\u021bion\u0103rii profesionale &#8211; \u0219coal\u0103 profesional\u0103 (<strong>Ausbildung<\/strong>),<\/li><li>intermedierea locurilor de \u0219colarizare \u00a0profesional\u0103\u00a0,<\/li><li>fondarea unei afaceri \u0219i ob\u021binerea independen\u021bei pe pia\u021ba german\u0103 de munc\u0103,<\/li><li>\u00eentocmirea \u0219i administrarea dosarului pentru ajutor de \u0219omaj (<strong>Arbeitslosengeld<\/strong>),<\/li><li>depunerea declara\u021biilor de venit \u0219i recuperarea impozitului (<strong>Steuererkl\u00e4rung<\/strong>),<\/li><li>schimbarea clasei de impozit,<\/li><li>schimbarea locului de munca.<\/li><\/ul>\n","protected":false},"excerpt":{"rendered":"<p>\u200b consiliere \u0219i orientare \u00een\u00a0cariera\u00a0profesional\u0103, \u00eendrumare \u0219i suport administrativ \u00een privin\u021ba perfec\u021bion\u0103rii profesionale &#8211; \u0219coal\u0103 profesional\u0103 (Ausbildung), intermedierea locurilor de \u0219colarizare \u00a0profesional\u0103\u00a0, fondarea unei afaceri \u0219i ob\u021binerea independen\u021bei pe pia\u021ba german\u0103 de munc\u0103, \u00eentocmirea \u0219i administrarea dosarului pentru ajutor de \u0219omaj (Arbeitslosengeld), depunerea declara\u021biilor de venit \u0219i recuperarea impozitului (Steuererkl\u00e4rung), schimbarea clasei de impozit, schimbarea [&hellip;]<\/p>\n","protected":false},"author":1,"featured_media":0,"parent":0,"menu_order":0,"comment_status":"closed","ping_status":"closed","template":"","meta":[],"_links":{"self":[{"href":"https:\/\/www.consilierekassel.ro\/index.php?rest_route=\/wp\/v2\/pages\/45"}],"collection":[{"href":"https:\/\/www.consilierekassel.ro\/index.php?rest_route=\/wp\/v2\/pages"}],"about":[{"href":"https:\/\/www.consilierekassel.ro\/index.php?rest_route=\/wp\/v2\/types\/page"}],"author":[{"embeddable":true,"href":"https:\/\/www.consilierekassel.ro\/index.php?rest_route=\/wp\/v2\/users\/1"}],"replies":[{"embeddable":true,"href":"https:\/\/www.consilierekassel.ro\/index.php?rest_route=%2Fwp%2Fv2%2Fcomments&post=45"}],"version-history":[{"count":4,"href":"https:\/\/www.consilierekassel.ro\/index.php?rest_route=\/wp\/v2\/pages\/45\/revisions"}],"predecessor-version":[{"id":362,"href":"https:\/\/www.consilierekassel.ro\/index.php?rest_route=\/wp\/v2\/pages\/45\/revisions\/362"}],"wp:attachment":[{"href":"https:\/\/www.consilierekassel.ro\/index.php?rest_route=%2Fwp%2Fv2%2Fmedia&parent=45"}],"curies":[{"name":"wp","href":"https:\/\/api.w.org\/{rel}","templated":true}]}}