{"id":43,"date":"2018-12-13T17:07:37","date_gmt":"2018-12-13T17:07:37","guid":{"rendered":"http:\/\/ghita.ddns.net\/?page_id=43"},"modified":"2019-11-23T13:14:08","modified_gmt":"2019-11-23T12:14:08","slug":"integrare-si-formalitati-de-sedere","status":"publish","type":"page","link":"https:\/\/www.consilierekassel.ro\/?page_id=43","title":{"rendered":"Integrare \u0219i formalit\u0103\u021bi de \u0219edere:"},"content":{"rendered":"\n<ul><li>asisten\u021b\u0103 \u0219i sprijin \u00een vederea g\u0103sirii unei locuin\u021be;<\/li><li>\u00eenregistrarea \u0219ederii la biroul de eviden\u021b\u0103 a popula\u021biei(<strong>Anmeldung<\/strong>);<\/li><li>\u00eentocmire\/reziliere de contracte(de exemplu: energie electric\u0103, gaz, cablu TV \u0219i radio, telefon, asigur\u0103ri, banc\u0103 etc.);<\/li><li>deschiderea unui cont bancar;<\/li><li>\u00eenregistrarea \u00een sistemul german de s\u0103n\u0103tate;<\/li><li>\u00eenscrierea la un curs de limb\u0103 german\u0103;<\/li><li>\u00eentocmirea, depunerea \u0219i administrarea pe toat\u0103 perioada prelucr\u0103rii, a diferitelor dosare:&nbsp;&nbsp;aloca\u021bia pentru copii (<strong>Kindergeld),&nbsp;<\/strong>aloca\u021bia pentru p\u0103rin\u021bi \u0219i indemniza\u021bia de cre\u0219tere a copiilor (<strong>Elterngeld, Mutterschaftsgeld)<\/strong>;<\/li><\/ul>\n\n\n\n<ul><li>\u00eenscrierea copiilor \u00een gr\u0103dini\u021be \u0219i \u0219coli;<\/li><li><\/li><\/ul>\n","protected":false},"excerpt":{"rendered":"<p>asisten\u021b\u0103 \u0219i sprijin \u00een vederea g\u0103sirii unei locuin\u021be; \u00eenregistrarea \u0219ederii la biroul de eviden\u021b\u0103 a popula\u021biei(Anmeldung); \u00eentocmire\/reziliere de contracte(de exemplu: energie electric\u0103, gaz, cablu TV \u0219i radio, telefon, asigur\u0103ri, banc\u0103 etc.); deschiderea unui cont bancar; \u00eenregistrarea \u00een sistemul german de s\u0103n\u0103tate; \u00eenscrierea la un curs de limb\u0103 german\u0103; \u00eentocmirea, depunerea \u0219i administrarea pe toat\u0103 perioada [&hellip;]<\/p>\n","protected":false},"author":1,"featured_media":0,"parent":0,"menu_order":0,"comment_status":"closed","ping_status":"closed","template":"","meta":[],"_links":{"self":[{"href":"https:\/\/www.consilierekassel.ro\/index.php?rest_route=\/wp\/v2\/pages\/43"}],"collection":[{"href":"https:\/\/www.consilierekassel.ro\/index.php?rest_route=\/wp\/v2\/pages"}],"about":[{"href":"https:\/\/www.consilierekassel.ro\/index.php?rest_route=\/wp\/v2\/types\/page"}],"author":[{"embeddable":true,"href":"https:\/\/www.consilierekassel.ro\/index.php?rest_route=\/wp\/v2\/users\/1"}],"replies":[{"embeddable":true,"href":"https:\/\/www.consilierekassel.ro\/index.php?rest_route=%2Fwp%2Fv2%2Fcomments&post=43"}],"version-history":[{"count":5,"href":"https:\/\/www.consilierekassel.ro\/index.php?rest_route=\/wp\/v2\/pages\/43\/revisions"}],"predecessor-version":[{"id":366,"href":"https:\/\/www.consilierekassel.ro\/index.php?rest_route=\/wp\/v2\/pages\/43\/revisions\/366"}],"wp:attachment":[{"href":"https:\/\/www.consilierekassel.ro\/index.php?rest_route=%2Fwp%2Fv2%2Fmedia&parent=43"}],"curies":[{"name":"wp","href":"https:\/\/api.w.org\/{rel}","templated":true}]}}