{"id":41,"date":"2018-12-13T17:07:13","date_gmt":"2018-12-13T17:07:13","guid":{"rendered":"http:\/\/ghita.ddns.net\/?page_id=41"},"modified":"2018-12-18T10:52:09","modified_gmt":"2018-12-18T09:52:09","slug":"asistenta-si-informatii-generale","status":"publish","type":"page","link":"https:\/\/www.consilierekassel.ro\/?page_id=41","title":{"rendered":"Asisten\u021b\u0103 \u0219i informa\u021bii generale :"},"content":{"rendered":"\n<ul><li>&nbsp;asisten\u021b\u0103&nbsp; \u0219i consultan\u021b\u0103&nbsp; \u00een vederea&nbsp;achizi\u021biilor de bunuri materiale ( auto, casa, aparaturi electronice, etc.),\u200b\u200b\u200b\u200b\u200b\u200b\u200b\u200b\u200b<\/li><li>informa\u021bii si &nbsp;asisten\u021b\u0103&nbsp; privind completarea diferitelor formulare, primite de la autorit\u0103\u021bile \u0219i institu\u021biile germane: prim\u0103rie, \u0219coal\u0103, finan\u021be, banc\u0103, casa de s\u0103n\u0103tate, asigur\u0103ri etc.<\/li><\/ul>\n\n\n\n<figure class=\"wp-block-image\"><img alt=\"\"\/><\/figure>\n","protected":false},"excerpt":{"rendered":"<p>&nbsp;asisten\u021b\u0103&nbsp; \u0219i consultan\u021b\u0103&nbsp; \u00een vederea&nbsp;achizi\u021biilor de bunuri materiale ( auto, casa, aparaturi electronice, etc.),\u200b\u200b\u200b\u200b\u200b\u200b\u200b\u200b\u200b informa\u021bii si &nbsp;asisten\u021b\u0103&nbsp; privind completarea diferitelor formulare, primite de la autorit\u0103\u021bile \u0219i institu\u021biile germane: prim\u0103rie, \u0219coal\u0103, finan\u021be, banc\u0103, casa de s\u0103n\u0103tate, asigur\u0103ri etc.<\/p>\n","protected":false},"author":1,"featured_media":0,"parent":0,"menu_order":0,"comment_status":"closed","ping_status":"closed","template":"","meta":[],"_links":{"self":[{"href":"https:\/\/www.consilierekassel.ro\/index.php?rest_route=\/wp\/v2\/pages\/41"}],"collection":[{"href":"https:\/\/www.consilierekassel.ro\/index.php?rest_route=\/wp\/v2\/pages"}],"about":[{"href":"https:\/\/www.consilierekassel.ro\/index.php?rest_route=\/wp\/v2\/types\/page"}],"author":[{"embeddable":true,"href":"https:\/\/www.consilierekassel.ro\/index.php?rest_route=\/wp\/v2\/users\/1"}],"replies":[{"embeddable":true,"href":"https:\/\/www.consilierekassel.ro\/index.php?rest_route=%2Fwp%2Fv2%2Fcomments&post=41"}],"version-history":[{"count":6,"href":"https:\/\/www.consilierekassel.ro\/index.php?rest_route=\/wp\/v2\/pages\/41\/revisions"}],"predecessor-version":[{"id":272,"href":"https:\/\/www.consilierekassel.ro\/index.php?rest_route=\/wp\/v2\/pages\/41\/revisions\/272"}],"wp:attachment":[{"href":"https:\/\/www.consilierekassel.ro\/index.php?rest_route=%2Fwp%2Fv2%2Fmedia&parent=41"}],"curies":[{"name":"wp","href":"https:\/\/api.w.org\/{rel}","templated":true}]}}