{"id":34,"date":"2018-12-13T17:05:05","date_gmt":"2018-12-13T17:05:05","guid":{"rendered":"http:\/\/ghita.ddns.net\/?page_id=34"},"modified":"2019-11-23T12:35:59","modified_gmt":"2019-11-23T11:35:59","slug":"echipa","status":"publish","type":"page","link":"https:\/\/www.consilierekassel.ro\/?page_id=34","title":{"rendered":"Echipa"},"content":{"rendered":"\n<p>\n\nSuntem o echip\u0103 &nbsp;mic\u0103, dar&nbsp;profesionist\u0103 \u015fi unit\u0103, care are drept scop, ca prin expertiza \u015fi experien\u0163a noastr\u0103,&nbsp; s\u0103 &nbsp;construim un mod de via\u021b\u0103 potrivit &nbsp;\u00een&nbsp;Germania, \u00eempreun\u0103 cu &nbsp;dumneavoastr\u0103.&nbsp;\n\n<\/p>\n\n\n\n<p><\/p>\n\n\n<table style=\"height: 977px;\" width=\"618\" align=\"center\">\n<tbody>\n<tr>\n<td>\n<h3><b>Florina He\u00dfburg<\/b><\/h3>\n<p>\u00a0<\/p>\n<\/td>\n<td><img decoding=\"async\" src=\"http:\/\/www.consilierekassel.ro\/wp-content\/uploads\/2018\/12\/florina.jpg\" width=\"350\" \/><\/td>\n<\/tr>\n<tr>\n<td>\n<h3><b>Oana Maria D\u0103sc\u0103li\u021bei\u00a0<\/b><\/h3>\n<p>\u00a0<\/p>\n<\/td>\n<td><img decoding=\"async\" src=\"http:\/\/www.consilierekassel.ro\/wp-content\/uploads\/2018\/12\/IMG-20160521-WA0021-1.jpg\" width=\"350\" \/><\/td>\n<\/tr>\n<tr>\n<td>\n<h3><b>Gheorghe Manolache<\/b><\/h3>\n<p>\u00a0<\/p>\n<\/td>\n<td><img decoding=\"async\" src=\"http:\/\/www.consilierekassel.ro\/wp-content\/uploads\/2018\/12\/ghita.jpg\" width=\"350\" \/><\/td>\n<\/tr>\n<\/tbody>\n<\/table>","protected":false},"excerpt":{"rendered":"<p>Suntem o echip\u0103 &nbsp;mic\u0103, dar&nbsp;profesionist\u0103 \u015fi unit\u0103, care are drept scop, ca prin expertiza \u015fi experien\u0163a noastr\u0103,&nbsp; s\u0103 &nbsp;construim un mod de via\u021b\u0103 potrivit &nbsp;\u00een&nbsp;Germania, \u00eempreun\u0103 cu &nbsp;dumneavoastr\u0103.&nbsp; Florina He\u00dfburg \u00a0 Oana Maria D\u0103sc\u0103li\u021bei\u00a0 \u00a0 Gheorghe Manolache \u00a0<\/p>\n","protected":false},"author":1,"featured_media":0,"parent":0,"menu_order":0,"comment_status":"closed","ping_status":"closed","template":"","meta":[],"_links":{"self":[{"href":"https:\/\/www.consilierekassel.ro\/index.php?rest_route=\/wp\/v2\/pages\/34"}],"collection":[{"href":"https:\/\/www.consilierekassel.ro\/index.php?rest_route=\/wp\/v2\/pages"}],"about":[{"href":"https:\/\/www.consilierekassel.ro\/index.php?rest_route=\/wp\/v2\/types\/page"}],"author":[{"embeddable":true,"href":"https:\/\/www.consilierekassel.ro\/index.php?rest_route=\/wp\/v2\/users\/1"}],"replies":[{"embeddable":true,"href":"https:\/\/www.consilierekassel.ro\/index.php?rest_route=%2Fwp%2Fv2%2Fcomments&post=34"}],"version-history":[{"count":38,"href":"https:\/\/www.consilierekassel.ro\/index.php?rest_route=\/wp\/v2\/pages\/34\/revisions"}],"predecessor-version":[{"id":364,"href":"https:\/\/www.consilierekassel.ro\/index.php?rest_route=\/wp\/v2\/pages\/34\/revisions\/364"}],"wp:attachment":[{"href":"https:\/\/www.consilierekassel.ro\/index.php?rest_route=%2Fwp%2Fv2%2Fmedia&parent=34"}],"curies":[{"name":"wp","href":"https:\/\/api.w.org\/{rel}","templated":true}]}}