{"id":32,"date":"2018-12-13T17:04:55","date_gmt":"2018-12-13T17:04:55","guid":{"rendered":"http:\/\/ghita.ddns.net\/?page_id=32"},"modified":"2019-11-23T12:20:46","modified_gmt":"2019-11-23T11:20:46","slug":"contact","status":"publish","type":"page","link":"https:\/\/www.consilierekassel.ro\/?page_id=32","title":{"rendered":"Contact"},"content":{"rendered":"\n<p>Wolfhager Str 366,<\/p>\n\n\n\n<p> 34128 Kassel, Germania<br>Tel. +49 179 77 32 44 9 Gheorghe Manolache<br>Tel. +49 173 27 90 71 6 Florina He\u00dfburg<br>E-mail:  consilierekassel@gmail.com \/  <br>               office@consilierekassel.ro <\/p>\n\n\n\n<p><\/p>\n\n\n\n<p><\/p>\n\n\n\n<p style=\"font-size:0;text-align:left\">De luni p\u00e2n\u0103 vineri \u00een intervalul orar&nbsp; 09:00 \u2013 18:00&nbsp;&nbsp;<br>r\u0103spundem&nbsp;telefonic&nbsp;\u0219i \u00een&nbsp;scris&nbsp;tuturor solicit\u0103rilor primite.\u200b&nbsp;&nbsp;&nbsp;<br>\u00cen afar\u0103 acestui interval,&nbsp;preluam solicit\u0103rile \u0219i r\u0103spundem numai \u00een scris;&nbsp;a\u0219adar, dac\u0103 ne apelati&nbsp;&nbsp;\u00een&nbsp; afara intervalului orar de mai sus, nu vom putea prelua apelul dumneavoastr\u0103, &nbsp;dar v\u0103 vom contacta&nbsp; cu mare pl\u0103cere, \u00een cel mai scurt timp, cu un r\u0103spuns \u00een scris.&nbsp;<\/p>\n\n\n\n<p>La&nbsp;birou&nbsp;va rug\u0103m s\u0103 veni\u021bi, doar pe baz\u0103 de&nbsp;programare&nbsp;.&nbsp;<\/p>\n\n\n\n<p>Activitatea noastr\u0103 presupune&nbsp;\u0219i&nbsp; deplasarea pe teren, de aceea v\u0103 rug\u0103m s\u0103&nbsp; ne contacta\u0163i telefonic sau \u00een&nbsp;scris pentru program\u0103ri.<\/p>\n\n\n\n<p>\u200b<\/p>\n\n\n\n<p>\u200b<\/p>\n\n\n\n<div class=\"wpcf7 no-js\" id=\"wpcf7-f49-o1\" lang=\"en-US\" dir=\"ltr\">\n<div class=\"screen-reader-response\"><p role=\"status\" aria-live=\"polite\" aria-atomic=\"true\"><\/p> <ul><\/ul><\/div>\n<form action=\"\/index.php?rest_route=%2Fwp%2Fv2%2Fpages%2F32#wpcf7-f49-o1\" method=\"post\" class=\"wpcf7-form init\" aria-label=\"Contact form\" novalidate=\"novalidate\" data-status=\"init\">\n<div style=\"display: none;\">\n<input type=\"hidden\" name=\"_wpcf7\" value=\"49\" \/>\n<input type=\"hidden\" name=\"_wpcf7_version\" value=\"5.7.4\" \/>\n<input type=\"hidden\" name=\"_wpcf7_locale\" value=\"en_US\" \/>\n<input type=\"hidden\" name=\"_wpcf7_unit_tag\" value=\"wpcf7-f49-o1\" \/>\n<input type=\"hidden\" name=\"_wpcf7_container_post\" value=\"0\" \/>\n<input type=\"hidden\" name=\"_wpcf7_posted_data_hash\" value=\"\" \/>\n<\/div>\n<p><label> Numele dvs (obligatoriu)<br \/>\n<span class=\"wpcf7-form-control-wrap\" data-name=\"your-name\"><input size=\"40\" class=\"wpcf7-form-control wpcf7-text wpcf7-validates-as-required\" aria-required=\"true\" aria-invalid=\"false\" value=\"\" type=\"text\" name=\"your-name\" \/><\/span> <\/label>\n<\/p>\n<p><label> Email (obligatoriu)<br \/>\n<span class=\"wpcf7-form-control-wrap\" data-name=\"your-email\"><input size=\"40\" class=\"wpcf7-form-control wpcf7-text wpcf7-email wpcf7-validates-as-required wpcf7-validates-as-email\" aria-required=\"true\" aria-invalid=\"false\" value=\"\" type=\"email\" name=\"your-email\" \/><\/span> <\/label>\n<\/p>\n<p><label> Mesaj<br \/>\n<span class=\"wpcf7-form-control-wrap\" data-name=\"your-message\"><textarea cols=\"40\" rows=\"10\" class=\"wpcf7-form-control wpcf7-textarea\" aria-invalid=\"false\" name=\"your-message\"><\/textarea><\/span> <\/label>\n<\/p>\n<p><input class=\"wpcf7-form-control has-spinner wpcf7-submit\" type=\"submit\" value=\"Trimite\" \/>\n<\/p><div class=\"wpcf7-response-output\" aria-hidden=\"true\"><\/div>\n<\/form>\n<\/div>\n\n\n\n\n<figure><iframe loading=\"lazy\" src=\"https:\/\/www.google.com\/maps\/embed?pb=!1m18!1m12!1m3!1d2492.6246057733492!2d9.43827701613997!3d51.33642417960741!2m3!1f0!2f0!3f0!3m2!1i1024!2i768!4f13.1!3m3!1m2!1s0x47bb3fa8cfcc0001%3A0x477fe11fbbc46889!2sconsiliereKASSEL.ro!5e0!3m2!1sde!2sde!4v1544778988516\" width=\"600\" height=\"450\" allowfullscreen=\"\"><\/iframe><\/figure>\n","protected":false},"excerpt":{"rendered":"<p>Wolfhager Str 366, 34128 Kassel, GermaniaTel. +49 179 77 32 44 9 Gheorghe ManolacheTel. +49 173 27 90 71 6 Florina He\u00dfburgE-mail: consilierekassel@gmail.com \/ office@consilierekassel.ro De luni p\u00e2n\u0103 vineri \u00een intervalul orar&nbsp; 09:00 \u2013 18:00&nbsp;&nbsp;r\u0103spundem&nbsp;telefonic&nbsp;\u0219i \u00een&nbsp;scris&nbsp;tuturor solicit\u0103rilor primite.\u200b&nbsp;&nbsp;&nbsp;\u00cen afar\u0103 acestui interval,&nbsp;preluam solicit\u0103rile \u0219i r\u0103spundem numai \u00een scris;&nbsp;a\u0219adar, dac\u0103 ne apelati&nbsp;&nbsp;\u00een&nbsp; afara intervalului orar de mai [&hellip;]<\/p>\n","protected":false},"author":1,"featured_media":0,"parent":0,"menu_order":0,"comment_status":"closed","ping_status":"closed","template":"","meta":[],"_links":{"self":[{"href":"https:\/\/www.consilierekassel.ro\/index.php?rest_route=\/wp\/v2\/pages\/32"}],"collection":[{"href":"https:\/\/www.consilierekassel.ro\/index.php?rest_route=\/wp\/v2\/pages"}],"about":[{"href":"https:\/\/www.consilierekassel.ro\/index.php?rest_route=\/wp\/v2\/types\/page"}],"author":[{"embeddable":true,"href":"https:\/\/www.consilierekassel.ro\/index.php?rest_route=\/wp\/v2\/users\/1"}],"replies":[{"embeddable":true,"href":"https:\/\/www.consilierekassel.ro\/index.php?rest_route=%2Fwp%2Fv2%2Fcomments&post=32"}],"version-history":[{"count":14,"href":"https:\/\/www.consilierekassel.ro\/index.php?rest_route=\/wp\/v2\/pages\/32\/revisions"}],"predecessor-version":[{"id":361,"href":"https:\/\/www.consilierekassel.ro\/index.php?rest_route=\/wp\/v2\/pages\/32\/revisions\/361"}],"wp:attachment":[{"href":"https:\/\/www.consilierekassel.ro\/index.php?rest_route=%2Fwp%2Fv2%2Fmedia&parent=32"}],"curies":[{"name":"wp","href":"https:\/\/api.w.org\/{rel}","templated":true}]}}