{"id":311,"date":"2018-12-18T11:34:40","date_gmt":"2018-12-18T10:34:40","guid":{"rendered":"http:\/\/www.consilierekassel.ro\/?page_id=311"},"modified":"2019-11-23T13:24:45","modified_gmt":"2019-11-23T12:24:45","slug":"infiintare-firma","status":"publish","type":"page","link":"https:\/\/www.consilierekassel.ro\/?page_id=311","title":{"rendered":"\u00cenfiin\u021bare firm\u0103"},"content":{"rendered":"\n<h4>\u00cenfiin\u021bare&nbsp;<strong>Gewerbe&nbsp;<\/strong>(activitate independent\u0103, similar\u0103 cu PFA-ul din Rom\u00e2nia \u0219i nu are particularit\u0103\u021bile unei societ\u0103\u021bi de tip GmbH&nbsp;) &#8211;&nbsp;<strong>lucr\u0103tori independen\u021bi<\/strong>:<\/h4>\n\n\n\n<ul><li>\u00a0sus\u021binere \u00een c\u0103utarea\u00a0 sediului de lucru,<\/li><li>deschiderea \u0219i administrarea contului bancar,<\/li><li>consiliere \u0219i asisten\u021b\u0103 la \u00eenregistrarea de Gewerbe la Oficiul Economic,<\/li><li>coordonarea \u00eentrevederilor cu avocatul, notarul \u0219i contabilul,<\/li><li>asisten\u021b\u0103\u00a0 personal\u0103 \u0219i telefonic\u0103 \u00een rela\u021bia cu autorit\u0103\u021bile germane,<\/li><li>traducerea actelor pentru Gewerbe.<\/li><\/ul>\n\n\n\n<h1>\u200b<\/h1>\n\n\n\n<h4>\u00cenfiin\u021bare&nbsp;<strong>GmbH&nbsp;<\/strong>(societate cu r\u0103spundere limitat\u0103 \u00een Germania, echivalentul SRL-ului)<strong>, UG&nbsp;<\/strong>(cunoscut ca \u201emini GmbH\u201c, \u00eencep\u00e2nd de la un capital social de 1 euro)<strong>:<\/strong><\/h4>\n\n\n\n<ul><li>sprijin pentru c\u0103utarea, deschiderea \u0219i \u00eenregistrarea punctului de lucru la Oficiul Economic,<\/li><li>deschiderea conturilor bancare (business \u0219i private),<\/li><li>coordonarea \u00eentrevederilor cu avocatul, notarul \u0219i contabilul (Steuerberater) pentru consultan\u021b\u0103 specializat\u0103, ob\u021binerea num\u0103rului fiscal, raportarea de TVA, declara\u021bii de venit \u0219i impozite,<\/li><li><\/li><li>promovare \u0219i publicitate (redactarea textelor publicitare \u00een limba german\u0103 pentru site, afi\u0219e, c\u0103r\u021bi de vizite \u0219i flyere),<\/li><li>consultan\u021b\u0103 cu privire la \u00eencheierea asigur\u0103rilor obligatorii necesare firmei \u0219i angaja\u021bilor.<\/li><\/ul>\n","protected":false},"excerpt":{"rendered":"<p>\u00cenfiin\u021bare&nbsp;Gewerbe&nbsp;(activitate independent\u0103, similar\u0103 cu PFA-ul din Rom\u00e2nia \u0219i nu are particularit\u0103\u021bile unei societ\u0103\u021bi de tip GmbH&nbsp;) &#8211;&nbsp;lucr\u0103tori independen\u021bi: \u00a0sus\u021binere \u00een c\u0103utarea\u00a0 sediului de lucru, deschiderea \u0219i administrarea contului bancar, consiliere \u0219i asisten\u021b\u0103 la \u00eenregistrarea de Gewerbe la Oficiul Economic, coordonarea \u00eentrevederilor cu avocatul, notarul \u0219i contabilul, asisten\u021b\u0103\u00a0 personal\u0103 \u0219i telefonic\u0103 \u00een rela\u021bia cu autorit\u0103\u021bile germane, [&hellip;]<\/p>\n","protected":false},"author":2,"featured_media":0,"parent":0,"menu_order":0,"comment_status":"closed","ping_status":"closed","template":"","meta":[],"_links":{"self":[{"href":"https:\/\/www.consilierekassel.ro\/index.php?rest_route=\/wp\/v2\/pages\/311"}],"collection":[{"href":"https:\/\/www.consilierekassel.ro\/index.php?rest_route=\/wp\/v2\/pages"}],"about":[{"href":"https:\/\/www.consilierekassel.ro\/index.php?rest_route=\/wp\/v2\/types\/page"}],"author":[{"embeddable":true,"href":"https:\/\/www.consilierekassel.ro\/index.php?rest_route=\/wp\/v2\/users\/2"}],"replies":[{"embeddable":true,"href":"https:\/\/www.consilierekassel.ro\/index.php?rest_route=%2Fwp%2Fv2%2Fcomments&post=311"}],"version-history":[{"count":6,"href":"https:\/\/www.consilierekassel.ro\/index.php?rest_route=\/wp\/v2\/pages\/311\/revisions"}],"predecessor-version":[{"id":369,"href":"https:\/\/www.consilierekassel.ro\/index.php?rest_route=\/wp\/v2\/pages\/311\/revisions\/369"}],"wp:attachment":[{"href":"https:\/\/www.consilierekassel.ro\/index.php?rest_route=%2Fwp%2Fv2%2Fmedia&parent=311"}],"curies":[{"name":"wp","href":"https:\/\/api.w.org\/{rel}","templated":true}]}}