{"id":103,"date":"2018-12-14T09:59:07","date_gmt":"2018-12-14T08:59:07","guid":{"rendered":"http:\/\/ghita.ddns.net\/?page_id=103"},"modified":"2019-02-06T11:46:07","modified_gmt":"2019-02-06T10:46:07","slug":"politica-de-protectie-a-datelor","status":"publish","type":"page","link":"https:\/\/www.consilierekassel.ro\/?page_id=103","title":{"rendered":"Politic\u0103 de confiden\u021bialitate"},"content":{"rendered":"\n<h3><strong>I. Informa\u021bii generale<\/strong><\/h3>\n\n\n\n<p>Confiden\u021bialitatea datelor dumneavoastr\u0103 cu caracter personal reprezint\u0103 una dintre preocup\u0103rile principale ale Biroului de Consiliere si Intermedieri pentru&nbsp;cet\u0103\u021benii rom\u00e2ni \u00een&nbsp;Germania&nbsp;, cu sediul \u00een Wolfhager Str 366, 34128 Kassel, Germania, \u00een calitate de operator de date.<\/p>\n\n\n\n<p>Acest document are rolul de a v\u0103 informa cu privire la prelucrarea datelor dumneavoastr\u0103 cu caracter personal, \u00een contextul utiliz\u0103rii paginii de internet\u00a0http:\/\/www.consilierekassel.ro\u00a0 (\u201eSite-ul\u201d).<\/p>\n\n\n\n<h3><strong>II. Categoriile de date cu caracter personal prelucrate<\/strong><\/h3>\n\n\n\n<p>Dac\u0103 sunte\u021bi vizitator al Site-ului,\u00a0 Biroul Consiliere si Intermedieri pentru cetatenii romani in Germania\u00a0 va prelucra datele dumneavoastr\u0103 cu caracter personal, cum ar fi nume \u015fi prenume, telefon, adresa de e-mail, adresa de facturare etc. pe care le furniza\u021bi \u00een mod direct \u00een contextul utiliz\u0103rii Site-ului, cum ar fi datele pe care le furniza\u021bi \u00een cadrul sec\u021biunii de contact , \u00een m\u0103sura \u00een care ne contacta\u021bi \u00een acest fel.<\/p>\n\n\n\n<h3><strong>III. Scopurile \u0219i temeiurile prelucr\u0103rii<\/strong><\/h3>\n\n\n\n<p><strong>\u00a0<\/strong>Dac\u0103 sunte\u021bi client al Site-ului, Consiliere si Intermedieri pentru cetatenii romani in Germania\u00a0prelucreaz\u0103 datele dumneavoastr\u0103 cu caracter personal astfel:<\/p>\n\n\n\n<ul><li>pentru desf\u0103\u0219urarea rela\u021biei contractuale dintre dumneavoastr\u0103 \u015fi Consiliere si Intermedieri pentru cetatenii romani in Germania,<\/li><\/ul>\n\n\n\n<ul><li>pentru activit\u0103\u0163i de marketing, respectiv pentru transmiterea, prin intermediul mijloacelor de comunicare la distan\u0163\u0103 (e-mail, sms) de comunic\u0103ri comerciale privind serviciile oferite de Consiliere si Intermedieri pentru cetatenii romani in Germania, prin intermediul Site-ului.<\/li><\/ul>\n\n\n\n<h3><strong>IV. Durata pentru care v\u0103 prelucr\u0103m datele<\/strong><\/h3>\n\n\n\n<p>Ca principiu,\u00a0Consiliere si Intermedieri pentru cetatenii romani in Germania\u00a0va prelucra datele dumneavoastr\u0103 cu caracter personal at\u00e2t c\u00e2t este necesar pentru realizarea scopurilor de prelucrare men\u021bionate mai sus.<\/p>\n\n\n\n<p>\u00cen cazul \u00een care sunte\u021bi client, vom prelucra datele dumneavoastr\u0103 pe \u00eentreaga durat\u0103 a raporturilor contractuale \u0219i ulterior conform obliga\u0163iilor legale care revin \u00een sarcina Consiliere si Intermedieri pentru cetatenii romani in Germania.<\/p>\n\n\n\n<p>Dac\u0103 v\u0103 retrage\u021bi consim\u021b\u0103m\u00e2ntul pentru prelucrarea datelor \u00een scop de marketing,\u00a0Consiliere si Intermedieri pentru cetatenii romani in Germania\u00a0va \u00eenceta prelucrarea datelor dumneavoastr\u0103 cu caracter personal \u00een acest scop, f\u0103r\u0103 \u00eens\u0103 a afecta prelucr\u0103rile desf\u0103\u0219urate de\u00a0Consiliere si Intermedieri pentru cetatenii romani in Germania\u00a0pe baza consim\u021b\u0103m\u00e2ntului exprimat de c\u0103tre dumneavoastr\u0103 \u00eenainte de retragerea acestuia.<\/p>\n\n\n\n<h3><strong>&nbsp;V.&nbsp;<\/strong><strong>Dezv\u0103luirea datelor cu caracter personal<\/strong><\/h3>\n\n\n\n<p>Pentru \u00eendeplinirea scopurilor de prelucrare, Consiliere si Intermedieri pentru cetatenii romani in Germania\u00a0poate dezv\u0103lui datele dumneavoastr\u0103 c\u0103tre parteneri, c\u0103tre ter\u021be persoane sau entit\u0103\u021bi (de exemplu firme de recrutare), ori c\u0103tre autorit\u0103\u021bile publice centrale\/locale.<\/p>\n\n\n\n<h3><strong>VI. Drepturile de care beneficia\u021bi<\/strong><\/h3>\n\n\n\n<p>\u00cen condi\u021biile prev\u0103zute de legisla\u021bia \u00een materia prelucr\u0103rii datelor cu caracter personal, \u00een calitate de persoane vizate, beneficia\u021bi de urm\u0103toarele drepturi:<\/p>\n\n\n\n<ul><li>dreptul la informare, respectiv dreptul de a primi detalii privind activit\u0103\u021bile de prelucrare efectuate de c\u0103tre\u00a0Consiliere si Intermedieri pentru cetatenii romani in Germania, conform celor descrise \u00een prezentul document;<\/li><li>dreptul de acces la date, respectiv dreptul de a ob\u021bine confirmarea din partea\u00a0Consiliere si Intermedieri pentru cetatenii romani in Germania\u00a0cu privire la prelucrarea datelor cu caracter personal, precum \u0219i detalii privind activit\u0103\u021bile de prelucrare precum modalitatea \u00een care sunt prelucrate datele, scopul \u00een care se face prelucrarea, destinatarii sau categoriile de destinatari ai datelor, etc;<\/li><li>dreptul la rectificare, respectiv dreptul de a ob\u021bine corectarea, f\u0103r\u0103 \u00eent\u00e2rzieri justificate, de c\u0103tre\u00a0Consiliere si Intermedieri pentru cetatenii romani in Germania\u00a0a datelor cu caracter personal inexacte\/ nejustificate, precum \u0219i completarea datelor incomplete; Rectificarea\/ completarea va fi comunicat\u0103 fiec\u0103rui destinatar la care au fost transmise datele, cu excep\u021bia cazului \u00een care acest lucru se dovede\u0219te imposibil sau presupune eforturi dispropor\u021bionate.<\/li><li>dreptul la \u0219tergerea datelor, f\u0103r\u0103 \u00eent\u00e2rzieri nejustificate, (\u201edreptul de a fi uitat\u201d).<\/li><li>dreptul la restric\u021bionarea prelucr\u0103rii \u00een m\u0103sura \u00een care :<ul><li>persoana contest\u0103 exactitatea datelor, pe o perioad\u0103 care ne permite verificarea corectitudinii datelor;<\/li><li>prelucrarea este ilegal\u0103, iar persoana vizat\u0103 se opune \u0219tergerii datelor cu caracter personal, solicit\u00e2nd \u00een schimb restric\u021bionarea utiliz\u0103rii lor;<\/li><li>operatorul nu mai are nevoie de datele cu caracter personal \u00een scopul prelucr\u0103rii, dar persoana vizat\u0103 i le solicit\u0103 pentru constatarea, exercitarea sau ap\u0103rarea unui drept \u00een instan\u021b\u0103; sau<\/li><li>persoana vizat\u0103 s-a opus prelucr\u0103rii (altele dec\u00e2t cele de marketing direct), pentru intervalul de timp \u00een care se verific\u0103 dac\u0103 drepturile legitime ale operatorului prevaleaz\u0103 asupra celor ale persoanei vizate.<\/li><\/ul><\/li><li>dreptul la portabilitatea datelor, respectiv dreptul de a primi datele cu caracter personal \u00eentr-o modalitate structurat\u0103, folosit\u0103 \u00een mod obi\u0219nuit \u0219i \u00eentr-un format u\u0219or de citit, precum \u0219i dreptul ca aceste date s\u0103 fie transmise de c\u0103tre\u00a0Consiliere si Intermedieri pentru cetatenii romani in Germania\u00a0c\u0103tre alt operator de date, \u00een m\u0103sura \u00een care sunt \u00eendeplinite condi\u021biile prev\u0103zute de lege.<\/li><\/ul>\n\n\n\n<p>Aceast\u0103 pagin\u0103 de Internet folose\u0219te fi\u0219iere de tip cookie. <\/p>\n\n\n\n<p>Un cookie este un fi\u0219ier de mici dimensiuni, \u00een general alc\u0103tuit din litere \u0219i cifre, care este desc\u0103rcat \u00een memoria unui calculator (sau altui echipament folosit pentru navigare online &#8211; telefon mobil, tablet\u0103, etc), atunci c\u00e2nd utilizatorul acceseaz\u0103 un anumit site web.<\/p>\n\n\n\n<p>Cookie-urile sunt create atunci c\u00e2nd browserul folosit de c\u0103tre un utilizator afi\u0219eaz\u0103 un anumit site web. Site-ul web transmite informa\u021bii c\u0103tre browser, iar acesta creeaz\u0103 un fi\u0219ier text. De fiecare dat\u0103 c\u00e2nd utilizatorul acceseaz\u0103 din nou respectivul site web, browserul acceseaz\u0103 \u0219i transmite acest fi\u0219ier c\u0103tre serverul site-ului web. Altfel spus, cookie-ul poate fi v\u0103zut ca un card de identificare a utilizatorului de Internet, care anun\u021b\u0103 site-ul web de fiecare dat\u0103 c\u00e2nd utilizatorul se \u00eentoarce pe respectivul site.<\/p>\n","protected":false},"excerpt":{"rendered":"<p>I. Informa\u021bii generale Confiden\u021bialitatea datelor dumneavoastr\u0103 cu caracter personal reprezint\u0103 una dintre preocup\u0103rile principale ale Biroului de Consiliere si Intermedieri pentru&nbsp;cet\u0103\u021benii rom\u00e2ni \u00een&nbsp;Germania&nbsp;, cu sediul \u00een Wolfhager Str 366, 34128 Kassel, Germania, \u00een calitate de operator de date. Acest document are rolul de a v\u0103 informa cu privire la prelucrarea datelor dumneavoastr\u0103 cu caracter personal, [&hellip;]<\/p>\n","protected":false},"author":1,"featured_media":0,"parent":0,"menu_order":0,"comment_status":"closed","ping_status":"closed","template":"","meta":[],"_links":{"self":[{"href":"https:\/\/www.consilierekassel.ro\/index.php?rest_route=\/wp\/v2\/pages\/103"}],"collection":[{"href":"https:\/\/www.consilierekassel.ro\/index.php?rest_route=\/wp\/v2\/pages"}],"about":[{"href":"https:\/\/www.consilierekassel.ro\/index.php?rest_route=\/wp\/v2\/types\/page"}],"author":[{"embeddable":true,"href":"https:\/\/www.consilierekassel.ro\/index.php?rest_route=\/wp\/v2\/users\/1"}],"replies":[{"embeddable":true,"href":"https:\/\/www.consilierekassel.ro\/index.php?rest_route=%2Fwp%2Fv2%2Fcomments&post=103"}],"version-history":[{"count":12,"href":"https:\/\/www.consilierekassel.ro\/index.php?rest_route=\/wp\/v2\/pages\/103\/revisions"}],"predecessor-version":[{"id":351,"href":"https:\/\/www.consilierekassel.ro\/index.php?rest_route=\/wp\/v2\/pages\/103\/revisions\/351"}],"wp:attachment":[{"href":"https:\/\/www.consilierekassel.ro\/index.php?rest_route=%2Fwp%2Fv2%2Fmedia&parent=103"}],"curies":[{"name":"wp","href":"https:\/\/api.w.org\/{rel}","templated":true}]}}